{"id":44,"date":"2012-01-07T20:47:44","date_gmt":"2012-01-07T20:47:44","guid":{"rendered":"http:\/\/diezepiezers.nl\/blog\/?page_id=44"},"modified":"2019-01-07T11:56:39","modified_gmt":"2019-01-07T11:56:39","slug":"leden","status":"publish","type":"page","link":"http:\/\/diezepiezers.nl\/index.php\/k-g-de-diezepiezers\/leden\/","title":{"rendered":"Leden"},"content":{"rendered":"<p>Kolderiek Genootschap De Diezepiezers kent de volgende leden:<\/p>\n<h6>Erik (veurzittert)<\/h6>\n<table>\n<tbody>\n<tr>\n<td width=\"110\">\n<h6><a href=\"http:\/\/diezepiezers.nl\/wp-content\/uploads\/2012\/01\/ErikOeteldonkXS.jpg\"><img loading=\"lazy\" class=\"alignright size-medium wp-image-300\" src=\"http:\/\/diezepiezers.nl\/wp-content\/uploads\/2012\/01\/ErikOeteldonkXS-209x300.jpg\" alt=\"ErikOeteldonkXS\" width=\"209\" height=\"300\" srcset=\"http:\/\/diezepiezers.nl\/wp-content\/uploads\/2012\/01\/ErikOeteldonkXS-209x300.jpg 209w, http:\/\/diezepiezers.nl\/wp-content\/uploads\/2012\/01\/ErikOeteldonkXS.jpg 342w\" sizes=\"(max-width: 209px) 100vw, 209px\" \/><\/a><\/h6>\n<\/td>\n<td valign=\"top\"><em>&#8220;Carnaval gaot bij\u00a0ons thuis\u00a0om de kolder, de klets &#8211;\u00a0lekker drie daoge vol flauwekul, niks dan lache, en lekker sjouwen deur alle durpskroegkes die Oeteldonk rijk is. Un gemoedelijk pilske mej\u00a0vrienden, \u00a0familie &#8230;\u00a0lekkernietmoeilijk. <\/em><em>Veule meermaals hebben Braziliaonse\u00a0sch\u00f4nes geprebeert me mej d&#8217;n\u00a0 carnaval naor Rio te lokken maar helaos is\u00a0&#8217;t die durskes\u00a0tot op heden nie gelukt da carnaval daor\u00a0minstens drie daogen\u00a0op te schuiven &#8230; \ud83d\ude09 &#8221;<br \/>\n<\/em><em>ICE: Kees brooike curry mej kroek\u00e8t (veul servette) of ons moeder belle.<\/em><\/td>\n<\/tr>\n<\/tbody>\n<\/table>\n<h6>Paul<\/h6>\n<table>\n<tbody>\n<tr>\n<td width=\"110\">\n<h6><a href=\"http:\/\/diezepiezers.nl\/wp-content\/uploads\/2012\/01\/geen-avatar.jpg\"><img loading=\"lazy\" src=\"http:\/\/diezepiezers.nl\/wp-content\/uploads\/2012\/01\/geen-avatar.jpg\" alt=\"geen-avatar\" width=\"111\" height=\"150\" \/><\/a><\/h6>\n<\/td>\n<td class=\"leden-bio\" valign=\"top\">\u00a0<em>H\u00e9\u00e9t d&#8217;n schoonste durskes aon bei zun \u00e8rrumme maor ken maor nie kieze. Altijd in veur feest en h\u00e8\u00e8t \u00f4k veul pragmatise\u00a0paraote kennis van alle significante urinatilocaties in Oeteldonk.<br \/>\n<\/em><em>ICS: wijst &#8216;m waar zuid is dan l\u00f4pt da wel goed af. Uitvinder avant la lettre van d&#8217;n waotertaxi; maor nie nimmers en nooit mej veul water in unne taxi zetten.<\/em><\/td>\n<\/tr>\n<\/tbody>\n<\/table>\n<h6>Maarten \u00a0(d&#8217;n penning)<\/h6>\n<table>\n<tbody>\n<tr>\n<td width=\"110\">\n<h6><a href=\"http:\/\/diezepiezers.nl\/wp-content\/uploads\/2012\/01\/geen-avatar.jpg\"><img loading=\"lazy\" src=\"http:\/\/diezepiezers.nl\/wp-content\/uploads\/2012\/01\/geen-avatar.jpg\" alt=\"geen-avatar\" width=\"111\" height=\"150\" \/><\/a><\/h6>\n<\/td>\n<td class=\"leden-bio\" valign=\"top\">\u00a0Nooit de centuh, wel van de gezelligheid<\/td>\n<\/tr>\n<\/tbody>\n<\/table>\n<h6>Martijn (archivaoris)<\/h6>\n<table>\n<tbody>\n<tr>\n<td width=\"110\">\n<h6><img loading=\"lazy\" src=\"http:\/\/i.imm.io\/giXJ.jpeg\" alt=\"\" width=\"112\" height=\"150\" \/><\/h6>\n<\/td>\n<td class=\"leden-bio\" valign=\"top\"><em>Op d\u00b4un elfde van dun elfde opgericht rondom het mooiste watertje van het land met pure emotie, gevuul en klasse. Daar sta je mee op en ga je mee naar bed. Zoals het hoort&#8230;<br \/>\n<\/em><em>ICE: Laot &#8216;m efkes lekker &#8220;runningm\u00e8nne&#8221;, as ut ken\u00a0in d&#8217;n sneeuw, en hangt &#8216;m dan in zunne jas aon wa mense die op unne taxi staon te wachte. G\u00e8re wel \u00ecn z&#8217;n portiek, in pl\u00e8k van d&#8217;r veur, aflev\u00e8re (hij is nie echt vorstvast)\u00a0&#8230;<\/em><\/td>\n<\/tr>\n<\/tbody>\n<\/table>\n<h6>Willem-Frans<\/h6>\n<table>\n<tbody>\n<tr>\n<td width=\"110\">\n<h6><a href=\"http:\/\/diezepiezers.nl\/wp-content\/uploads\/2012\/01\/geen-avatar.jpg\"><img loading=\"lazy\" src=\"http:\/\/diezepiezers.nl\/wp-content\/uploads\/2012\/01\/geen-avatar.jpg\" alt=\"geen-avatar\" width=\"111\" height=\"150\" \/><\/a><\/h6>\n<\/td>\n<td class=\"leden-bio\" valign=\"top\"><em>Unne Oeteldonkse ziel die hedde of die hedde nie&#8230; en ons WFke die h\u00e8t d&#8217;n ziel van unne gr\u00f4te! (en d&#8217;n dorst \u00f4k)<\/em><br \/>\n<em> Ge kent um gin spaghetti voejere want da veint zun gestel, en d&#8217;n tojletjuf, en d&#8217;n portier,\u00a0nie zoe fijn; daor gaot ie kei arter\u00e8stiek\u00a0mej doen. Maor verders k\u00e8nt d&#8217;r alles in.<br \/>\n<\/em><em>ICE: proebeert um mej aonmoedigingen veur kleine slokjes af te remme; is \u00f4k nie tegen te houden mej unne Fristiej (das un veul gemaokte fout)<\/em><\/td>\n<\/tr>\n<\/tbody>\n<\/table>\n<h6>Fons<\/h6>\n<table>\n<tbody>\n<tr>\n<td width=\"110\">\n<h6><a href=\"http:\/\/diezepiezers.nl\/wp-content\/uploads\/2012\/01\/geen-avatar.jpg\"><img loading=\"lazy\" src=\"http:\/\/diezepiezers.nl\/wp-content\/uploads\/2012\/01\/geen-avatar.jpg\" alt=\"geen-avatar\" width=\"111\" height=\"150\" \/><\/a><\/h6>\n<\/td>\n<td class=\"leden-bio\" valign=\"top\"><\/td>\n<\/tr>\n<\/tbody>\n<\/table>\n<h6>Royke<\/h6>\n<table>\n<tbody>\n<tr>\n<td width=\"110\">\n<h6><a href=\"http:\/\/diezepiezers.nl\/wp-content\/uploads\/2012\/01\/geen-avatar.jpg\"><img loading=\"lazy\" src=\"http:\/\/diezepiezers.nl\/wp-content\/uploads\/2012\/01\/geen-avatar.jpg\" alt=\"geen-avatar\" width=\"111\" height=\"150\" \/><\/a><\/h6>\n<\/td>\n<td class=\"leden-bio\" valign=\"top\"><em>D&#8217;n dieje ziet dit toch nie. Ons Royke doet niks mej kumpjoeters en h\u00e8t \u00f4k ginne nieuwerwetse versnellings op z&#8217;n fiets; gew\u00f4n terugtrappe is\u00a0dan \u00f4k\u00a0genoeg.\u00a0Laoter op d&#8217;n avond praot ie kei veul maor ge verstaot d&#8217;r niks meer van &amp; durskes ben dan\u00a0nog maor meer op oe hoede \ud83d\ude09<br \/>\n<\/em><em>ICE: zo laote; h\u00e8t un verbasingsw\u00e8kkend herstelvermeuge; veur gij oe pilske\u00a0h\u00e8t weggezet veur EHBO enzo, heet ie d&#8217;r veur jouw \u00f4k al wir ene gehaolt.<\/em><\/td>\n<\/tr>\n<\/tbody>\n<\/table>\n<h6>Kim<\/h6>\n<table>\n<tbody>\n<tr>\n<td width=\"110\">\n<h6><a href=\"http:\/\/diezepiezers.nl\/wp-content\/uploads\/2012\/01\/geen-avatar.jpg\"><img loading=\"lazy\" src=\"http:\/\/diezepiezers.nl\/wp-content\/uploads\/2012\/01\/geen-avatar.jpg\" alt=\"geen-avatar\" width=\"111\" height=\"150\" \/><\/a><\/h6>\n<\/td>\n<td class=\"leden-bio\" valign=\"top\"><\/td>\n<\/tr>\n<\/tbody>\n<\/table>\n<h6>Jos\u00e9<\/h6>\n<table>\n<tbody>\n<tr>\n<td width=\"110\">\n<h6><img loading=\"lazy\" src=\"http:\/\/diezepiezers.nl\/wp-content\/uploads\/2014\/02\/Jose-ster-rood-wit-geel.jpg\" alt=\"\" width=\"150\" height=\"150\" \/><\/h6>\n<\/td>\n<td valign=\"top\"><em>&#8220;Na &#8217;n lilluk misverstand (van 20 jaore in de zon en op d&#8217;n berg) hebbe\u00a0carnaval en ikke mekaor\u00a0wir gevonde en da laot ik mooj\u00a0niet mir gaon. Saomen\u00a0alle daogen deur de stratjes &#8230;<\/em><em>Dak dan meepessant \u00f4k nog bij De Diezepiezers kon aspirere is op z&#8217;n eige al un vergimmes mooje dr\u00f4\u00f4m&#8221;<br \/>\n<\/em><em>ICE: gin ideej: ik\u00a0war nog noojt dronke.\u00a0As da\u00a0toch is wil ik wel\u00a0unne Maortini-Bitterrelemmon.<\/em><\/td>\n<\/tr>\n<\/tbody>\n<\/table>\n<h6>Jony (zangerteres)<\/h6>\n<table>\n<tbody>\n<tr>\n<td width=\"110\">\n<h6><a href=\"http:\/\/diezepiezers.nl\/wp-content\/uploads\/2012\/01\/geen-avatar.jpg\"><img loading=\"lazy\" src=\"http:\/\/diezepiezers.nl\/wp-content\/uploads\/2012\/01\/geen-avatar.jpg\" alt=\"geen-avatar\" width=\"111\" height=\"150\" \/><\/a><\/h6>\n<\/td>\n<td class=\"leden-bio\" valign=\"top\"><\/td>\n<\/tr>\n<\/tbody>\n<\/table>\n<h6>Manon<\/h6>\n<table>\n<tbody>\n<tr>\n<td width=\"110\">\n<h6><a href=\"http:\/\/diezepiezers.nl\/wp-content\/uploads\/2012\/01\/geen-avatar.jpg\"><img loading=\"lazy\" src=\"http:\/\/diezepiezers.nl\/wp-content\/uploads\/2012\/01\/geen-avatar.jpg\" alt=\"geen-avatar\" width=\"111\" height=\"150\" \/><\/a><\/h6>\n<\/td>\n<td class=\"leden-bio\" valign=\"top\">\u00a0Snapte na \u00e9\u00e9n avond dat het om gevoel, tradities en het spel gaat.<\/td>\n<\/tr>\n<\/tbody>\n<\/table>\n<h6>Kimmetje (1e doorgroeide mini-Piezer)<\/h6>\n<table>\n<tbody>\n<tr>\n<td width=\"110\">\n<h6><a href=\"http:\/\/diezepiezers.nl\/wp-content\/uploads\/2012\/01\/geen-avatar.jpg\"><img loading=\"lazy\" src=\"http:\/\/diezepiezers.nl\/wp-content\/uploads\/2012\/01\/geen-avatar.jpg\" alt=\"geen-avatar\" width=\"111\" height=\"150\" \/><\/a><\/h6>\n<\/td>\n<td class=\"leden-bio\" valign=\"top\"><\/td>\n<\/tr>\n<\/tbody>\n<\/table>\n<h6>Kwantroo (Sabrina)<\/h6>\n<table>\n<tbody>\n<tr>\n<td width=\"110\">\n<h6><a href=\"http:\/\/diezepiezers.nl\/wp-content\/uploads\/2012\/01\/geen-avatar.jpg\"><img loading=\"lazy\" src=\"http:\/\/diezepiezers.nl\/wp-content\/uploads\/2012\/01\/geen-avatar.jpg\" alt=\"geen-avatar\" width=\"111\" height=\"150\" \/><\/a><\/h6>\n<\/td>\n<td class=\"leden-bio\" valign=\"top\"><\/td>\n<\/tr>\n<\/tbody>\n<\/table>\n<p><strong>Aspireerderts<\/strong><\/p>\n<h6>????<\/h6>\n<table>\n<tbody>\n<tr>\n<td width=\"110\">\n<h6><a href=\"http:\/\/diezepiezers.nl\/wp-content\/uploads\/2012\/01\/geen-avatar.jpg\"><img loading=\"lazy\" src=\"http:\/\/diezepiezers.nl\/wp-content\/uploads\/2012\/01\/geen-avatar.jpg\" alt=\"geen-avatar\" width=\"111\" height=\"150\" \/><\/a><\/h6>\n<\/td>\n<td class=\"leden-bio\" valign=\"top\"><\/td>\n<\/tr>\n<\/tbody>\n<\/table>\n<h6>????<\/h6>\n<table>\n<tbody>\n<tr>\n<td width=\"110\">\n<h6><a href=\"http:\/\/diezepiezers.nl\/wp-content\/uploads\/2012\/01\/geen-avatar.jpg\"><img loading=\"lazy\" src=\"http:\/\/diezepiezers.nl\/wp-content\/uploads\/2012\/01\/geen-avatar.jpg\" alt=\"geen-avatar\" width=\"111\" height=\"150\" \/><\/a><\/h6>\n<\/td>\n<td class=\"leden-bio\" valign=\"top\"><\/td>\n<\/tr>\n<\/tbody>\n<\/table>\n<h6>\u00c9\u00e9\u00e9\u00e9\u00e9\u00e9wouter (Ewouter is op uitleen aon d&#8217;n Raod)<\/h6>\n<table>\n<tbody>\n<tr>\n<td width=\"110\">\n<h6><a href=\"http:\/\/diezepiezers.nl\/wp-content\/uploads\/2012\/01\/geen-avatar.jpg\"><img loading=\"lazy\" src=\"http:\/\/diezepiezers.nl\/wp-content\/uploads\/2012\/01\/geen-avatar.jpg\" alt=\"geen-avatar\" width=\"111\" height=\"150\" \/><\/a><\/h6>\n<\/td>\n<td class=\"leden-bio\" valign=\"top\"><\/td>\n<\/tr>\n<\/tbody>\n<\/table>\n<p>Ben de gij nog nie veurgedraoge geworre? Oeh gotte w\u00e0 \u00e8rrug!<br \/>\nK\u00e8k maor gauw efkes onder &#8216;kont\u00e8ktforemelier&#8217; hoe ge ons over oe verbollige gev\u00fb\u00fbl kent laote wete. <strong><br \/>\n<\/strong><\/p>\n<h6><strong>Mini-Piezers<\/strong><\/h6>\n<h6>Kay<\/h6>\n<table>\n<tbody>\n<tr>\n<td width=\"110\">\n<h6><a href=\"http:\/\/diezepiezers.nl\/wp-content\/uploads\/2012\/01\/geen-avatar.jpg\"><img loading=\"lazy\" src=\"http:\/\/diezepiezers.nl\/wp-content\/uploads\/2012\/01\/geen-avatar.jpg\" alt=\"geen-avatar\" width=\"111\" height=\"150\" \/><\/a><\/h6>\n<\/td>\n<td class=\"leden-bio\" valign=\"top\"><em>Unne ware voetbal kampioen, en\u00a0van de bar graag IJsthee!<\/em><\/td>\n<\/tr>\n<\/tbody>\n<\/table>\n<h6>Ivo<\/h6>\n<table>\n<tbody>\n<tr>\n<td width=\"110\">\n<h6><a href=\"http:\/\/diezepiezers.nl\/wp-content\/uploads\/2012\/01\/geen-avatar.jpg\"><img loading=\"lazy\" src=\"http:\/\/diezepiezers.nl\/wp-content\/uploads\/2012\/01\/geen-avatar.jpg\" alt=\"geen-avatar\" width=\"111\" height=\"150\" \/><\/a><\/h6>\n<\/td>\n<td class=\"leden-bio\" valign=\"top\"><\/td>\n<\/tr>\n<\/tbody>\n<\/table>\n<h6>Laura<\/h6>\n<table>\n<tbody>\n<tr>\n<td width=\"110\">\n<h6><a href=\"http:\/\/diezepiezers.nl\/wp-content\/uploads\/2012\/01\/geen-avatar.jpg\"><img loading=\"lazy\" src=\"http:\/\/diezepiezers.nl\/wp-content\/uploads\/2012\/01\/geen-avatar.jpg\" alt=\"geen-avatar\" width=\"111\" height=\"150\" \/><\/a><\/h6>\n<\/td>\n<td class=\"leden-bio\" valign=\"top\">\u00a0<em>Ut puppeke van onze Maarten en Suzanne, van de bar g\u00e8re fristie of appelesap!<\/em><\/td>\n<\/tr>\n<\/tbody>\n<\/table>\n<h6>Marleen<\/h6>\n<table>\n<tbody>\n<tr>\n<td width=\"110\">\n<h6><a href=\"http:\/\/diezepiezers.nl\/wp-content\/uploads\/2012\/01\/geen-avatar.jpg\"><img loading=\"lazy\" src=\"http:\/\/diezepiezers.nl\/wp-content\/uploads\/2012\/01\/geen-avatar.jpg\" alt=\"geen-avatar\" width=\"111\" height=\"150\" \/><\/a><\/h6>\n<\/td>\n<td class=\"leden-bio\" valign=\"top\"><\/td>\n<\/tr>\n<\/tbody>\n<\/table>\n<h6>Joris<\/h6>\n<table>\n<tbody>\n<tr>\n<td width=\"110\">\n<h6><a href=\"http:\/\/diezepiezers.nl\/wp-content\/uploads\/2012\/01\/geen-avatar.jpg\"><img loading=\"lazy\" src=\"http:\/\/diezepiezers.nl\/wp-content\/uploads\/2012\/01\/geen-avatar.jpg\" alt=\"geen-avatar\" width=\"111\" height=\"150\" \/><\/a><\/h6>\n<\/td>\n<td class=\"leden-bio\" valign=\"top\">\u00a0<em>Dees Durke ken de om een boodschap sturen!<br \/>\nHockeyt ons allemaal aan de kant, met &#8211; als altijd &#8211; een grote glimlach.<br \/>\n<\/em><\/td>\n<\/tr>\n<\/tbody>\n<\/table>\n<h6>Mike<\/h6>\n<table>\n<tbody>\n<tr>\n<td width=\"110\">\n<h6><a href=\"http:\/\/diezepiezers.nl\/wp-content\/uploads\/2012\/01\/geen-avatar.jpg\"><img loading=\"lazy\" src=\"http:\/\/diezepiezers.nl\/wp-content\/uploads\/2012\/01\/geen-avatar.jpg\" alt=\"geen-avatar\" width=\"111\" height=\"150\" \/><\/a><\/h6>\n<\/td>\n<td class=\"leden-bio\" valign=\"top\">\u00a0<em>Een man in functie: Mike is onze Vaandeldrager!<\/em><\/p>\n<p><em>Daarbij is hij Hockey kampioen en houdt hij erg van Oeldonkse kielen!<\/em><\/td>\n<\/tr>\n<\/tbody>\n<\/table>\n<h6>????<\/h6>\n<table>\n<tbody>\n<tr>\n<td width=\"110\">\n<h6><a href=\"http:\/\/diezepiezers.nl\/wp-content\/uploads\/2012\/01\/geen-avatar.jpg\"><img loading=\"lazy\" src=\"http:\/\/diezepiezers.nl\/wp-content\/uploads\/2012\/01\/geen-avatar.jpg\" alt=\"geen-avatar\" width=\"111\" height=\"150\" \/><\/a><\/h6>\n<\/td>\n<td class=\"leden-bio\" valign=\"top\"><\/td>\n<\/tr>\n<\/tbody>\n<\/table>\n","protected":false},"excerpt":{"rendered":"<p>Kolderiek Genootschap De Diezepiezers kent de volgende leden: Erik (veurzittert) &#8220;Carnaval gaot bij\u00a0ons thuis\u00a0om de kolder, de klets &#8211;\u00a0lekker drie daoge vol flauwekul, niks dan lache, en lekker sjouwen deur alle durpskroegkes die Oeteldonk rijk is. Un gemoedelijk pilske mej\u00a0vrienden, \u00a0familie &#8230;\u00a0lekkernietmoeilijk. Veule meermaals hebben Braziliaonse\u00a0sch\u00f4nes geprebeert me mej d&#8217;n\u00a0 carnaval naor Rio te lokken &hellip; <a href=\"http:\/\/diezepiezers.nl\/index.php\/k-g-de-diezepiezers\/leden\/\" class=\"more-link\">Lees verder <span class=\"screen-reader-text\">Leden<\/span> <span class=\"meta-nav\">&rarr;<\/span><\/a><\/p>\n","protected":false},"author":1,"featured_media":0,"parent":42,"menu_order":0,"comment_status":"closed","ping_status":"closed","template":"","meta":[],"_links":{"self":[{"href":"http:\/\/diezepiezers.nl\/index.php\/wp-json\/wp\/v2\/pages\/44"}],"collection":[{"href":"http:\/\/diezepiezers.nl\/index.php\/wp-json\/wp\/v2\/pages"}],"about":[{"href":"http:\/\/diezepiezers.nl\/index.php\/wp-json\/wp\/v2\/types\/page"}],"author":[{"embeddable":true,"href":"http:\/\/diezepiezers.nl\/index.php\/wp-json\/wp\/v2\/users\/1"}],"replies":[{"embeddable":true,"href":"http:\/\/diezepiezers.nl\/index.php\/wp-json\/wp\/v2\/comments?post=44"}],"version-history":[{"count":57,"href":"http:\/\/diezepiezers.nl\/index.php\/wp-json\/wp\/v2\/pages\/44\/revisions"}],"predecessor-version":[{"id":451,"href":"http:\/\/diezepiezers.nl\/index.php\/wp-json\/wp\/v2\/pages\/44\/revisions\/451"}],"up":[{"embeddable":true,"href":"http:\/\/diezepiezers.nl\/index.php\/wp-json\/wp\/v2\/pages\/42"}],"wp:attachment":[{"href":"http:\/\/diezepiezers.nl\/index.php\/wp-json\/wp\/v2\/media?parent=44"}],"curies":[{"name":"wp","href":"https:\/\/api.w.org\/{rel}","templated":true}]}}